{"id":3704,"date":"2025-10-27T12:44:35","date_gmt":"2025-10-27T16:44:35","guid":{"rendered":"https:\/\/www.aclu-pr.org\/?page_id=3704"},"modified":"2026-04-23T23:16:47","modified_gmt":"2026-04-24T03:16:47","slug":"recursos-wip","status":"publish","type":"page","link":"https:\/\/www.aclu-pr.org\/es\/recursos-wip\/","title":{"rendered":"Recursos legales gratuitos o de bajo costo en Puerto Rico"},"content":{"rendered":"","protected":false},"excerpt":{"rendered":"<p>\u00bfNecesita ayuda legal en Puerto Rico? Explore estos recursos legales gratuitos o de bajo costo que pueden ayudarlo.<\/p>\n","protected":false},"author":5,"featured_media":0,"parent":0,"menu_order":0,"comment_status":"closed","ping_status":"closed","template":"","meta":{"_acf_changed":false,"_relevanssi_hide_post":"","_relevanssi_hide_content":"","_relevanssi_pin_for_all":"","_relevanssi_pin_keywords":"","_relevanssi_unpin_keywords":"","_relevanssi_related_keywords":"","_relevanssi_related_include_ids":"","_relevanssi_related_exclude_ids":"","_relevanssi_related_no_append":"","_relevanssi_related_not_related":"","_relevanssi_related_posts":"","_relevanssi_noindex_reason":"","footnotes":""},"class_list":["post-3704","page","type-page","status-publish","hentry"],"acf":{"layout":"default","header-group":{"header-description":"\u00bfNecesita ayuda legal en Puerto Rico? Explore estos recursos legales gratuitos o de bajo costo que pueden ayudarlo.","show-subnav":false,"hide-from-subnav":false},"components":[{"acf_fc_layout":"text","text":{"text":"El equipo legal de la ACLU de Puerto Rico se esfuerza por brindar excelencia en la defensa y representaci\u00f3n, incluso con un equipo peque\u00f1o y recursos limitados. Centramos nuestros esfuerzos en la defensa de los derechos y libertades civiles a trav\u00e9s de litigios estrat\u00e9gicos, educaci\u00f3n y defensa.\r\n\r\nComo abogados dedicados a la justicia social, nuestro equipo legal cree que nadie deber\u00eda quedarse sin la oportunidad de buscar ayuda legal, incluso si no puede ser a trav\u00e9s de la ACLU de Puerto Rico. Por eso, hemos recopilado la siguiente <strong>lista de recursos legales gratuitos o de bajo costo<\/strong> disponibles en toda la isla. Estas organizaciones brindan asistencia en \u00e1reas como vivienda, trabajo, inmigraci\u00f3n, derecho familiar y derechos civiles."}},{"acf_fc_layout":"content_collection","content_collection":{"":null,"content_links":[{"content_link_field_group":{"url":"https:\/\/www.servicioslegales.org\/","":null,"title_override":"Servicios Legales de Puerto Rico (SLPR)","image_override":null,"hide_description":false,"description":"Provides free legal assistance to low-income individuals and families in civil cases, including housing, consumer rights, and family matters.","title":"Servicios Legales de Puerto Rico \u2013 Bufete sin fines de lucro","og-title":"","og-image":null,"og-site-name":""}},{"content_link_field_group":{"url":"https:\/\/www.ayudalegalpuertorico.org\/","":null,"title_override":"Ayuda Legal Puerto Rico","image_override":null,"hide_description":false,"description":"A digital platform offering free legal information, resources, and community education to promote access to justice and housing rights.","title":"Ayuda Legal Puerto Rico","og-title":"Ayuda Legal Puerto Rico","og-image":null,"og-site-name":"Ayuda Legal Puerto Rico"}},{"content_link_field_group":{"url":"https:\/\/www.probonopr.org\/","":null,"title_override":"PRO-BONO, INC.","image_override":null,"hide_description":false,"description":"Provides free legal services to individuals and nonprofit organizations, focusing on education, housing, and community development.","title":"Pro-Bono, Inc. \u2013 Justicia Para Todos y Todas","og-title":"","og-image":null,"og-site-name":""}},{"content_link_field_group":{"url":"https:\/\/capr.org\/","":null,"title_override":"Bar Association","image_override":null,"hide_description":false,"description":"Offers guidance and referrals for individuals seeking legal representation or pro bono assistance.","title":"Capr","og-title":"CAPR","og-image":3705,"og-site-name":"Capr"}}],"display_type":"grid","hide_images":true}}],"section":null,"issues":[2015,1970,1974,1980,2026,2210,1982,2022,2029,2024,2227,2033],"related_content":[2130,3163,3166,3172,3175,3178,3185,3182,3188,3197,3200,2878,3545],"documents":null},"yoast_head":"<!-- This site is optimized with the Yoast SEO plugin v24.9 - https:\/\/yoast.com\/wordpress\/plugins\/seo\/ -->\n<title>Recursos legales gratuitos o de bajo costo en Puerto Rico - ACLU of Puerto Rico<\/title>\n<meta name=\"robots\" content=\"index, follow, max-snippet:-1, max-image-preview:large, max-video-preview:-1\" \/>\n<link rel=\"canonical\" href=\"https:\/\/www.aclu-pr.org\/es\/recursos-wip\/\" \/>\n<meta property=\"og:locale\" content=\"es_ES\" \/>\n<meta property=\"og:type\" content=\"article\" \/>\n<meta property=\"og:title\" content=\"Recursos legales gratuitos o de bajo costo en Puerto Rico - ACLU of Puerto Rico\" \/>\n<meta property=\"og:description\" content=\"\u00bfNecesita ayuda legal en Puerto Rico? Explore estos recursos legales gratuitos o de bajo costo que pueden ayudarlo.\" \/>\n<meta property=\"og:url\" content=\"https:\/\/www.aclu-pr.org\/es\/recursos-wip\/\" \/>\n<meta property=\"og:site_name\" content=\"ACLU of Puerto Rico\" \/>\n<meta property=\"article:modified_time\" content=\"2026-04-24T03:16:47+00:00\" \/>\n<meta property=\"og:image\" content=\"https:\/\/www.aclu-pr.org\/app\/themes\/aclu-parent\/img\/default_fb_share.jpg\" \/>\n<meta name=\"twitter:card\" content=\"summary_large_image\" \/>\n<script type=\"application\/ld+json\" class=\"yoast-schema-graph\">{\"@context\":\"https:\/\/schema.org\",\"@graph\":[{\"@type\":\"WebPage\",\"@id\":\"https:\/\/www.aclu-pr.org\/es\/recursos-wip\/\",\"url\":\"https:\/\/www.aclu-pr.org\/es\/recursos-wip\/\",\"name\":\"Recursos legales gratuitos o de bajo costo en Puerto Rico - ACLU of Puerto Rico\",\"isPartOf\":{\"@id\":\"https:\/\/www.aclu-pr.org\/#website\"},\"datePublished\":\"2025-10-27T16:44:35+00:00\",\"dateModified\":\"2026-04-24T03:16:47+00:00\",\"inLanguage\":\"es-ES\",\"potentialAction\":[{\"@type\":\"ReadAction\",\"target\":[\"https:\/\/www.aclu-pr.org\/es\/recursos-wip\/\"]}]},{\"@type\":\"WebSite\",\"@id\":\"https:\/\/www.aclu-pr.org\/#website\",\"url\":\"https:\/\/www.aclu-pr.org\/\",\"name\":\"ACLU of Puerto Rico\",\"description\":\"\",\"potentialAction\":[{\"@type\":\"SearchAction\",\"target\":{\"@type\":\"EntryPoint\",\"urlTemplate\":\"https:\/\/www.aclu-pr.org\/?s={search_term_string}\"},\"query-input\":{\"@type\":\"PropertyValueSpecification\",\"valueRequired\":true,\"valueName\":\"search_term_string\"}}],\"inLanguage\":\"es-ES\"}]}<\/script>\n<!-- \/ Yoast SEO plugin. -->","yoast_head_json":{"title":"Recursos legales gratuitos o de bajo costo en Puerto Rico - ACLU of Puerto Rico","robots":{"index":"index","follow":"follow","max-snippet":"max-snippet:-1","max-image-preview":"max-image-preview:large","max-video-preview":"max-video-preview:-1"},"canonical":"https:\/\/www.aclu-pr.org\/es\/recursos-wip\/","og_locale":"es_ES","og_type":"article","og_title":"Recursos legales gratuitos o de bajo costo en Puerto Rico - ACLU of Puerto Rico","og_description":"\u00bfNecesita ayuda legal en Puerto Rico? Explore estos recursos legales gratuitos o de bajo costo que pueden ayudarlo.","og_url":"https:\/\/www.aclu-pr.org\/es\/recursos-wip\/","og_site_name":"ACLU of Puerto Rico","article_modified_time":"2026-04-24T03:16:47+00:00","og_image":[{"url":"https:\/\/www.aclu-pr.org\/app\/themes\/aclu-parent\/img\/default_fb_share.jpg","type":"","width":"","height":""}],"twitter_card":"summary_large_image","schema":{"@context":"https:\/\/schema.org","@graph":[{"@type":"WebPage","@id":"https:\/\/www.aclu-pr.org\/es\/recursos-wip\/","url":"https:\/\/www.aclu-pr.org\/es\/recursos-wip\/","name":"Recursos legales gratuitos o de bajo costo en Puerto Rico - ACLU of Puerto Rico","isPartOf":{"@id":"https:\/\/www.aclu-pr.org\/#website"},"datePublished":"2025-10-27T16:44:35+00:00","dateModified":"2026-04-24T03:16:47+00:00","inLanguage":"es-ES","potentialAction":[{"@type":"ReadAction","target":["https:\/\/www.aclu-pr.org\/es\/recursos-wip\/"]}]},{"@type":"WebSite","@id":"https:\/\/www.aclu-pr.org\/#website","url":"https:\/\/www.aclu-pr.org\/","name":"ACLU of Puerto Rico","description":"","potentialAction":[{"@type":"SearchAction","target":{"@type":"EntryPoint","urlTemplate":"https:\/\/www.aclu-pr.org\/?s={search_term_string}"},"query-input":{"@type":"PropertyValueSpecification","valueRequired":true,"valueName":"search_term_string"}}],"inLanguage":"es-ES"}]}},"distributor_meta":false,"distributor_terms":false,"distributor_media":false,"distributor_original_site_name":"ACLU of Puerto Rico","distributor_original_site_url":"https:\/\/www.aclu-pr.org\/es\/","push-errors":false,"_links":{"self":[{"href":"https:\/\/www.aclu-pr.org\/es\/wp-json\/wp\/v2\/pages\/3704","targetHints":{"allow":["GET"]}}],"collection":[{"href":"https:\/\/www.aclu-pr.org\/es\/wp-json\/wp\/v2\/pages"}],"about":[{"href":"https:\/\/www.aclu-pr.org\/es\/wp-json\/wp\/v2\/types\/page"}],"author":[{"embeddable":true,"href":"https:\/\/www.aclu-pr.org\/es\/wp-json\/wp\/v2\/users\/5"}],"replies":[{"embeddable":true,"href":"https:\/\/www.aclu-pr.org\/es\/wp-json\/wp\/v2\/comments?post=3704"}],"version-history":[{"count":3,"href":"https:\/\/www.aclu-pr.org\/es\/wp-json\/wp\/v2\/pages\/3704\/revisions"}],"predecessor-version":[{"id":3739,"href":"https:\/\/www.aclu-pr.org\/es\/wp-json\/wp\/v2\/pages\/3704\/revisions\/3739"}],"acf:post":[{"embeddable":true,"href":"https:\/\/www.aclu-pr.org\/es\/wp-json\/wp\/v2\/campaign\/3545"},{"embeddable":true,"href":"https:\/\/www.aclu-pr.org\/es\/wp-json\/wp\/v2\/campaign\/2878"},{"embeddable":true,"href":"https:\/\/www.aclu-pr.org\/es\/wp-json\/wp\/v2\/case\/3200"},{"embeddable":true,"href":"https:\/\/www.aclu-pr.org\/es\/wp-json\/wp\/v2\/case\/3197"},{"embeddable":true,"href":"https:\/\/www.aclu-pr.org\/es\/wp-json\/wp\/v2\/case\/3188"},{"embeddable":true,"href":"https:\/\/www.aclu-pr.org\/es\/wp-json\/wp\/v2\/case\/3182"},{"embeddable":true,"href":"https:\/\/www.aclu-pr.org\/es\/wp-json\/wp\/v2\/case\/3185"},{"embeddable":true,"href":"https:\/\/www.aclu-pr.org\/es\/wp-json\/wp\/v2\/case\/3178"},{"embeddable":true,"href":"https:\/\/www.aclu-pr.org\/es\/wp-json\/wp\/v2\/case\/3175"},{"embeddable":true,"href":"https:\/\/www.aclu-pr.org\/es\/wp-json\/wp\/v2\/case\/3172"},{"embeddable":true,"href":"https:\/\/www.aclu-pr.org\/es\/wp-json\/wp\/v2\/case\/3166"},{"embeddable":true,"href":"https:\/\/www.aclu-pr.org\/es\/wp-json\/wp\/v2\/case\/3163"},{"embeddable":true,"href":"https:\/\/www.aclu-pr.org\/es\/wp-json\/wp\/v2\/pages\/2130"},{"embeddable":true,"href":"https:\/\/www.aclu-pr.org\/es\/wp-json\/wp\/v2\/issue\/2033"},{"embeddable":true,"href":"https:\/\/www.aclu-pr.org\/es\/wp-json\/wp\/v2\/issue\/2227"},{"embeddable":true,"href":"https:\/\/www.aclu-pr.org\/es\/wp-json\/wp\/v2\/issue\/2024"},{"embeddable":true,"href":"https:\/\/www.aclu-pr.org\/es\/wp-json\/wp\/v2\/issue\/2029"},{"embeddable":true,"href":"https:\/\/www.aclu-pr.org\/es\/wp-json\/wp\/v2\/issue\/2022"},{"embeddable":true,"href":"https:\/\/www.aclu-pr.org\/es\/wp-json\/wp\/v2\/issue\/1982"},{"embeddable":true,"href":"https:\/\/www.aclu-pr.org\/es\/wp-json\/wp\/v2\/issue\/2210"},{"embeddable":true,"href":"https:\/\/www.aclu-pr.org\/es\/wp-json\/wp\/v2\/issue\/2026"},{"embeddable":true,"href":"https:\/\/www.aclu-pr.org\/es\/wp-json\/wp\/v2\/issue\/1980"},{"embeddable":true,"href":"https:\/\/www.aclu-pr.org\/es\/wp-json\/wp\/v2\/issue\/1974"},{"embeddable":true,"href":"https:\/\/www.aclu-pr.org\/es\/wp-json\/wp\/v2\/issue\/1970"},{"embeddable":true,"href":"https:\/\/www.aclu-pr.org\/es\/wp-json\/wp\/v2\/issue\/2015"}],"wp:attachment":[{"href":"https:\/\/www.aclu-pr.org\/es\/wp-json\/wp\/v2\/media?parent=3704"}],"curies":[{"name":"wp","href":"https:\/\/api.w.org\/{rel}","templated":true}]}}