{"id":2960,"date":"2026-02-24T11:18:44","date_gmt":"2026-02-24T15:18:44","guid":{"rendered":"https:\/\/www.aclu-pr.org\/?page_id=2960"},"modified":"2026-04-27T11:38:03","modified_gmt":"2026-04-27T15:38:03","slug":"sobre-nosotros","status":"publish","type":"page","link":"https:\/\/www.aclu-pr.org\/es\/sobre-nosotros\/","title":{"rendered":"Sobre Nosotros"},"content":{"rendered":"","protected":false},"excerpt":{"rendered":"<p>La ACLU de Puerto Rico trabaja para que todas las personas que residen en el archipi\u00e9lago borincano gocen de todos los derechos civiles y libertades protegidas en la Constituci\u00f3n de Estados Unidos y la de Puerto Rico.<\/p>\n","protected":false},"author":4,"featured_media":0,"parent":0,"menu_order":0,"comment_status":"closed","ping_status":"closed","template":"","meta":{"_acf_changed":false,"_relevanssi_hide_post":"","_relevanssi_hide_content":"","_relevanssi_pin_for_all":"","_relevanssi_pin_keywords":"","_relevanssi_unpin_keywords":"","_relevanssi_related_keywords":"","_relevanssi_related_include_ids":"","_relevanssi_related_exclude_ids":"","_relevanssi_related_no_append":"","_relevanssi_related_not_related":"","_relevanssi_related_posts":"","_relevanssi_noindex_reason":"","footnotes":""},"class_list":["post-2960","page","type-page","status-publish","hentry"],"acf":{"layout":"default","header-group":{"header-description":"La ACLU de Puerto Rico trabaja para que todas las personas que residen en el archipi\u00e9lago borincano gocen de todos los derechos civiles y libertades protegidas en la Constituci\u00f3n de Estados Unidos y la de Puerto Rico. ","show-subnav":false,"hide-from-subnav":false},"components":[{"acf_fc_layout":"heading","heading":{"":null,"text":"Nuestra Misi\u00f3n ","anchor":"misi\u00f3n","sub-heading":"La ACLU de Puerto Rico es el cap\u00edtulo local de la Uni\u00f3n Americana de Libertades Civiles, una organizaci\u00f3n sin fines de lucro que fue fundada en Estados Unidos en el 1920. Su misi\u00f3n es luchar contra las violaciones de las libertades civiles garantizadas por el sistema legal de Estados Unidos y de Puerto Rico. Combatimos tales violaciones dondequiera y cuando sea necesario.\r\n\r\nComo cap\u00edtulo, la ACLU de Puerto Rico vigila que las garant\u00edas constitucionales y los estatutos que garantizan los derechos humanos y libertades civiles de las personas se sostengan y se cumplan en el archipi\u00e9lago puertorrique\u00f1o. Enfrentamos la opresi\u00f3n, el autoritarismo y las injusticias contra las personas.\r\n\r\nLa ACLU se sustenta con las cuotas anuales y las contribuciones de sus miembros, as\u00ed como con donaciones de fundaciones privadas e individuos. No recibimos ning\u00fan tipo de financiaci\u00f3n del gobierno federal ni estatal.","type":"h2","heading-style":"standard"}},{"acf_fc_layout":"heading","heading":{"":null,"text":"Conoce a Nuestro Equipo","anchor":"","sub-heading":"Nuestro equipo est\u00e1 comprometido con la defensa de los derechos civiles y las libertades en todo Puerto Rico. Liderados por la directora ejecutiva Annette Mart\u00ednez Orabona, nuestro personal cuenta con d\u00e9cadas de experiencia en derecho, pol\u00edticas p\u00fablicas, comunicaciones y administraci\u00f3n para promover los derechos humanos y la justicia para todos.","type":"h2","heading-style":"standard"}},{"acf_fc_layout":"content_collection","content_collection":{"":null,"content_links":[{"content_link_field_group":{"url":"https:\/\/www.aclu-pr.org\/es\/bios\/annette-martinez-orabona\/","":null,"title_override":"Annette Mart\u00ednez Orabona","image_override":null,"hide_description":false,"description":"A human rights attorney, researcher, and advocate who has represented victims of grave rights violations in Puerto Rico and abroad. She founded the first human rights clinic in the Caribbean and continues to lead national and international advocacy for justice and accountability.","title":"Annette Mart\u00ednez Orabona - ACLU of Puerto Rico","og-title":"Annette Mart\u00ednez Orabona - ACLU of Puerto Rico","og-image":2961,"og-site-name":"ACLU of Puerto Rico"}},{"content_link_field_group":{"url":"https:\/\/www.aclu-pr.org\/es\/bios\/belkis-b-perez-adorno\/","":null,"title_override":"Belkis B. P\u00e9rez Adorno","image_override":null,"hide_description":false,"description":"A seasoned professional with over 25 years of experience supporting leadership and organizational operations. Belkis ensures that our work runs smoothly through her expertise in administration, coordination, and commitment to inclusion and belonging.","title":"Belkis B. P\u00e9rez Adorno - ACLU of Puerto Rico","og-title":"Belkis B. P\u00e9rez Adorno - ACLU of Puerto Rico","og-image":2963,"og-site-name":"ACLU of Puerto Rico"}},{"content_link_field_group":{"url":"https:\/\/www.aclu-pr.org\/es\/bios\/david-cordero\/","":null,"title_override":"David Cordero Mercado","image_override":null,"hide_description":false,"description":"An award-winning journalist with a decade of experience in multimedia and investigative reporting. David leads communications strategy and storytelling, using his background in journalism to elevate the voices of marginalized communities and promote transparency.","title":"David Cordero Mercado - ACLU of Puerto Rico","og-title":"David Cordero Mercado - ACLU of Puerto Rico","og-image":2965,"og-site-name":"ACLU of Puerto Rico"}},{"content_link_field_group":{"url":"https:\/\/www.aclu-pr.org\/es\/bios\/fermin-l-arraiza-navas\/","":null,"title_override":"Ferm\u00edn L. Arraiza Navas","image_override":null,"hide_description":false,"description":"A seasoned lawyer with over 30 years of experience in human rights defense. He has led landmark cases on civil liberties and represented Puerto Rico in international forums, continuing his commitment to fair treatment and constitutional protections.","title":"Ferm\u00edn L. Arraiza Navas - ACLU of Puerto Rico","og-title":"Ferm\u00edn L. Arraiza Navas - ACLU of Puerto Rico","og-image":2969,"og-site-name":"ACLU of Puerto Rico"}},{"content_link_field_group":{"url":"https:\/\/www.aclu-pr.org\/es\/bios\/lolimar-escudero-rodriguez\/","":null,"title_override":"Lolimar Escudero Rodr\u00edguez","image_override":null,"hide_description":false,"description":"A veteran public servant and human rights advocate with deep experience in Puerto Rico\u2019s judicial system. She leads our policy and legislative work, focusing on equity, access to justice, and strengthening democratic institutions.","title":"Lolimar Escudero Rodr\u00edguez - ACLU of Puerto Rico","og-title":"Lolimar Escudero Rodr\u00edguez - ACLU of Puerto Rico","og-image":2971,"og-site-name":"ACLU of Puerto Rico"}}],"display_type":"list","hide_images":false}},{"acf_fc_layout":"timeline","timeline":{"timeline":2052}},{"acf_fc_layout":"heading","heading":{"":null,"text":"Nuestro Trabajo Contin\u00faa","anchor":"","sub-heading":"La ACLU de Puerto Rico sigue luchando por la justicia a trav\u00e9s de la defensa, el litigio y la educaci\u00f3n. Nuestra misi\u00f3n perdura: garantizar que toda persona en la isla, independientemente de su raza, g\u00e9nero, origen o condici\u00f3n, pueda vivir libre e igualitariamente ante la ley.\r\n\r\nDesde la investigaci\u00f3n de la Masacre de Ponce en 1937 hasta la lucha actual por la democracia, la igualdad y los derechos humanos, la ACLU de Puerto Rico ha estado en la primera l\u00ednea de la justicia.\r\n\r\nNuestro compromiso sigue siendo tan firme como siempre: proteger la libertad de expresi\u00f3n, defender los derechos de las comunidades marginadas y garantizar que toda persona en Puerto Rico viva con dignidad y equidad ante la ley.\r\n\r\n\u00danete a nosotros para continuar con este legado de defensa y acci\u00f3n. Juntos, podemos construir un Puerto Rico donde las libertades civiles est\u00e9n protegidas para todos.","type":"h2","heading-style":"standard"}},{"acf_fc_layout":"pullquote","pullquote":{"":null,"text":"\u201cLa defensa de las libertades civiles no es un momento, es un movimiento. Nuestro trabajo honra el pasado, protege el presente y construye un futuro justo para todos.\u201d","source":"","width":"standard","alignment":"left"}},{"acf_fc_layout":"content_link","content_link":{"":null,"content_link_field_group":{"url":"https:\/\/action.aclu.org\/give\/now","":null,"title_override":"","image_override":2253,"hide_description":false,"description":"","title":"","og-title":"","og-image":2253,"og-site-name":""},"card_variant":"horizontal","hide_image":false,"width":"standard","alignment":"left"}}],"section":null,"issues":"","related_content":"","documents":null},"yoast_head":"<!-- This site is optimized with the Yoast SEO plugin v24.9 - https:\/\/yoast.com\/wordpress\/plugins\/seo\/ -->\n<title>Sobre Nosotros - ACLU of Puerto Rico<\/title>\n<meta name=\"robots\" content=\"index, follow, max-snippet:-1, max-image-preview:large, max-video-preview:-1\" \/>\n<link rel=\"canonical\" href=\"https:\/\/www.aclu-pr.org\/es\/sobre-nosotros\/\" \/>\n<meta property=\"og:locale\" content=\"es_ES\" \/>\n<meta property=\"og:type\" content=\"article\" \/>\n<meta property=\"og:title\" content=\"Sobre Nosotros - ACLU of Puerto Rico\" \/>\n<meta property=\"og:description\" content=\"La ACLU de Puerto Rico trabaja para que todas las personas que residen en el archipi\u00e9lago borincano gocen de todos los derechos civiles y libertades protegidas en la Constituci\u00f3n de Estados Unidos y la de Puerto Rico.\" \/>\n<meta property=\"og:url\" content=\"https:\/\/www.aclu-pr.org\/es\/sobre-nosotros\/\" \/>\n<meta property=\"og:site_name\" content=\"ACLU of Puerto Rico\" \/>\n<meta property=\"article:modified_time\" content=\"2026-04-27T15:38:03+00:00\" \/>\n<meta property=\"og:image\" content=\"https:\/\/www.aclu-pr.org\/app\/themes\/aclu-parent\/img\/default_fb_share.jpg\" \/>\n<meta name=\"twitter:card\" content=\"summary_large_image\" \/>\n<script type=\"application\/ld+json\" class=\"yoast-schema-graph\">{\"@context\":\"https:\/\/schema.org\",\"@graph\":[{\"@type\":\"WebPage\",\"@id\":\"https:\/\/www.aclu-pr.org\/es\/sobre-nosotros\/\",\"url\":\"https:\/\/www.aclu-pr.org\/es\/sobre-nosotros\/\",\"name\":\"Sobre Nosotros - ACLU of Puerto Rico\",\"isPartOf\":{\"@id\":\"https:\/\/www.aclu-pr.org\/#website\"},\"datePublished\":\"2026-02-24T15:18:44+00:00\",\"dateModified\":\"2026-04-27T15:38:03+00:00\",\"inLanguage\":\"es-ES\",\"potentialAction\":[{\"@type\":\"ReadAction\",\"target\":[\"https:\/\/www.aclu-pr.org\/es\/sobre-nosotros\/\"]}]},{\"@type\":\"WebSite\",\"@id\":\"https:\/\/www.aclu-pr.org\/#website\",\"url\":\"https:\/\/www.aclu-pr.org\/\",\"name\":\"ACLU of Puerto Rico\",\"description\":\"\",\"potentialAction\":[{\"@type\":\"SearchAction\",\"target\":{\"@type\":\"EntryPoint\",\"urlTemplate\":\"https:\/\/www.aclu-pr.org\/?s={search_term_string}\"},\"query-input\":{\"@type\":\"PropertyValueSpecification\",\"valueRequired\":true,\"valueName\":\"search_term_string\"}}],\"inLanguage\":\"es-ES\"}]}<\/script>\n<!-- \/ Yoast SEO plugin. -->","yoast_head_json":{"title":"Sobre Nosotros - ACLU of Puerto Rico","robots":{"index":"index","follow":"follow","max-snippet":"max-snippet:-1","max-image-preview":"max-image-preview:large","max-video-preview":"max-video-preview:-1"},"canonical":"https:\/\/www.aclu-pr.org\/es\/sobre-nosotros\/","og_locale":"es_ES","og_type":"article","og_title":"Sobre Nosotros - ACLU of Puerto Rico","og_description":"La ACLU de Puerto Rico trabaja para que todas las personas que residen en el archipi\u00e9lago borincano gocen de todos los derechos civiles y libertades protegidas en la Constituci\u00f3n de Estados Unidos y la de Puerto Rico.","og_url":"https:\/\/www.aclu-pr.org\/es\/sobre-nosotros\/","og_site_name":"ACLU of Puerto Rico","article_modified_time":"2026-04-27T15:38:03+00:00","og_image":[{"url":"https:\/\/www.aclu-pr.org\/app\/themes\/aclu-parent\/img\/default_fb_share.jpg","type":"","width":"","height":""}],"twitter_card":"summary_large_image","schema":{"@context":"https:\/\/schema.org","@graph":[{"@type":"WebPage","@id":"https:\/\/www.aclu-pr.org\/es\/sobre-nosotros\/","url":"https:\/\/www.aclu-pr.org\/es\/sobre-nosotros\/","name":"Sobre Nosotros - ACLU of Puerto Rico","isPartOf":{"@id":"https:\/\/www.aclu-pr.org\/#website"},"datePublished":"2026-02-24T15:18:44+00:00","dateModified":"2026-04-27T15:38:03+00:00","inLanguage":"es-ES","potentialAction":[{"@type":"ReadAction","target":["https:\/\/www.aclu-pr.org\/es\/sobre-nosotros\/"]}]},{"@type":"WebSite","@id":"https:\/\/www.aclu-pr.org\/#website","url":"https:\/\/www.aclu-pr.org\/","name":"ACLU of Puerto Rico","description":"","potentialAction":[{"@type":"SearchAction","target":{"@type":"EntryPoint","urlTemplate":"https:\/\/www.aclu-pr.org\/?s={search_term_string}"},"query-input":{"@type":"PropertyValueSpecification","valueRequired":true,"valueName":"search_term_string"}}],"inLanguage":"es-ES"}]}},"distributor_meta":false,"distributor_terms":false,"distributor_media":false,"distributor_original_site_name":"ACLU of Puerto Rico","distributor_original_site_url":"https:\/\/www.aclu-pr.org\/es\/","push-errors":false,"_links":{"self":[{"href":"https:\/\/www.aclu-pr.org\/es\/wp-json\/wp\/v2\/pages\/2960","targetHints":{"allow":["GET"]}}],"collection":[{"href":"https:\/\/www.aclu-pr.org\/es\/wp-json\/wp\/v2\/pages"}],"about":[{"href":"https:\/\/www.aclu-pr.org\/es\/wp-json\/wp\/v2\/types\/page"}],"author":[{"embeddable":true,"href":"https:\/\/www.aclu-pr.org\/es\/wp-json\/wp\/v2\/users\/4"}],"replies":[{"embeddable":true,"href":"https:\/\/www.aclu-pr.org\/es\/wp-json\/wp\/v2\/comments?post=2960"}],"version-history":[{"count":6,"href":"https:\/\/www.aclu-pr.org\/es\/wp-json\/wp\/v2\/pages\/2960\/revisions"}],"predecessor-version":[{"id":3741,"href":"https:\/\/www.aclu-pr.org\/es\/wp-json\/wp\/v2\/pages\/2960\/revisions\/3741"}],"wp:attachment":[{"href":"https:\/\/www.aclu-pr.org\/es\/wp-json\/wp\/v2\/media?parent=2960"}],"curies":[{"name":"wp","href":"https:\/\/api.w.org\/{rel}","templated":true}]}}