{"id":1860,"date":"2019-07-11T15:47:59","date_gmt":"2019-07-11T19:47:59","guid":{"rendered":"https:\/\/www.aclu-pr.org\/conozca-sus-derechos\/"},"modified":"2026-05-12T12:01:57","modified_gmt":"2026-05-12T16:01:57","slug":"conozca-sus-derechos","status":"publish","type":"page","link":"https:\/\/www.aclu-pr.org\/es\/conozca-sus-derechos\/","title":{"rendered":"Conoce tus derechos"},"content":{"rendered":"<p>Los valores supremos de igualdad y equidad se ven desafiados en nuestras legislaturas y tribunales. El sistema legal que durante mucho tiempo se us\u00f3 como arma de defensa contra la intolerancia ahora se invierte para promover y consagrar la intolerancia.<\/p>\n<p>Hemos visto esta tendencia en una serie de temas de libertades civiles, entre ellos: ataques al matrimonio igualitario de parejas LGBT; esfuerzos por limitar el derecho al aborto; personas y organizaciones que usan a la religi\u00f3n como excusa para discriminar o negar servicios; la divulgaci\u00f3n de la pseudociencia para perpetuar estereotipos de g\u00e9nero y la segregaci\u00f3n sexual en las aulas; un esfuerzo nacional por parte de las legislaturas del estado para restringir el acceso a las urnas; leyes antiinmigratorias que codifican la categorizaci\u00f3n racial al apuntar a los latinos y otras personas de color; pr\u00e1cticas disciplinarias discriminatorias que expulsan a ni\u00f1os y ni\u00f1as de color de las escuelas y los empujan hacia el sistema de justicia penal, entre otros.&nbsp;<\/p>\n<p>La ACLU lucha contra estos esfuerzos que nos retrotraen a una \u00e9poca en la cual muchas personas eran relegadas como ciudadanos y ciudadanas de segunda categor\u00eda. Queremos asegurar que todos y todas, independientemente del g\u00e9nero, orientaci\u00f3n sexual, raza, religi\u00f3n, discapacidad, nacionalidad o ideolog\u00eda, sean tratados de manera igualitaria de acuerdo a la ley y que los tribunales y legislaturas sean instrumentos para poner fin a la discriminaci\u00f3n.<\/p>\n","protected":false},"excerpt":{"rendered":"<p>Los valores supremos de igualdad y equidad se ven desafiados en nuestras legislaturas y tribunales. El sistema legal que durante mucho tiempo se us\u00f3 como arma de defensa contra la intolerancia ahora se invierte para promover y consagrar la intolerancia. Hemos visto esta tendencia en una serie de temas de libertades civiles, entre ellos: ataques [&hellip;]<\/p>\n","protected":false},"author":12,"featured_media":0,"parent":0,"menu_order":0,"comment_status":"closed","ping_status":"closed","template":"","meta":{"_acf_changed":false,"_relevanssi_hide_post":"","_relevanssi_hide_content":"","_relevanssi_pin_for_all":"","_relevanssi_pin_keywords":"","_relevanssi_unpin_keywords":"","_relevanssi_related_keywords":"","_relevanssi_related_include_ids":"","_relevanssi_related_exclude_ids":"","_relevanssi_related_no_append":"","_relevanssi_related_not_related":"","_relevanssi_related_posts":"","_relevanssi_noindex_reason":"","footnotes":""},"class_list":["post-1860","page","type-page","status-publish","hentry"],"acf":{"layout":"default","header-group":{"header-description":"","show-subnav":false,"hide-from-subnav":false},"components":[{"acf_fc_layout":"text","text":{"text":"Los valores supremos de igualdad y equidad se ven desafiados en nuestras legislaturas y tribunales. El sistema legal que durante mucho tiempo se us\u00f3 como arma de defensa contra la intolerancia ahora se invierte para promover y consagrar la intolerancia.\r\n\r\nHemos visto esta tendencia en una serie de temas de libertades civiles, entre ellos: ataques al matrimonio igualitario de parejas LGBT; esfuerzos por limitar el derecho al aborto; personas y organizaciones que usan a la religi\u00f3n como excusa para discriminar o negar servicios; la divulgaci\u00f3n de la pseudociencia para perpetuar estereotipos de g\u00e9nero y la segregaci\u00f3n sexual en las aulas; un esfuerzo nacional por parte de las legislaturas del estado para restringir el acceso a las urnas; leyes antiinmigratorias que codifican la categorizaci\u00f3n racial al apuntar a los latinos y otras personas de color; pr\u00e1cticas disciplinarias discriminatorias que expulsan a ni\u00f1os y ni\u00f1as de color de las escuelas y los empujan hacia el sistema de justicia penal, entre otros.\r\n\r\nLa ACLU lucha contra estos esfuerzos que nos retrotraen a una \u00e9poca en la cual muchas personas eran relegadas como ciudadanos y ciudadanas de segunda categor\u00eda. Queremos asegurar que todos y todas, independientemente del g\u00e9nero, orientaci\u00f3n sexual, raza, religi\u00f3n, discapacidad, nacionalidad o ideolog\u00eda, sean tratados de manera igualitaria de acuerdo a la ley y que los tribunales y legislaturas sean instrumentos para poner fin a la discriminaci\u00f3n."}},{"acf_fc_layout":"buttons","buttons":{"primary":{"text":"View All KYR","link":"https:\/\/www.aclu-pr.org\/know-your-rights\/"},"secondary":{"text":"","link":""}}}],"section":null,"issues":"","related_content":"","documents":null},"yoast_head":"<!-- This site is optimized with the Yoast SEO plugin v24.9 - https:\/\/yoast.com\/wordpress\/plugins\/seo\/ -->\n<title>Conoce tus derechos - ACLU of Puerto Rico<\/title>\n<meta name=\"robots\" content=\"index, follow, max-snippet:-1, max-image-preview:large, max-video-preview:-1\" \/>\n<link rel=\"canonical\" href=\"https:\/\/live-awp-puerto-rico.pantheonsite.io\/es\/conozca-sus-derechos\/\" \/>\n<meta property=\"og:locale\" content=\"es_ES\" \/>\n<meta property=\"og:type\" content=\"article\" \/>\n<meta property=\"og:title\" content=\"Conoce tus derechos - ACLU of Puerto Rico\" \/>\n<meta property=\"og:description\" content=\"Los valores supremos de igualdad y equidad se ven desafiados en nuestras legislaturas y tribunales. El sistema legal que durante mucho tiempo se us\u00f3 como arma de defensa contra la intolerancia ahora se invierte para promover y consagrar la intolerancia. Hemos visto esta tendencia en una serie de temas de libertades civiles, entre ellos: ataques [&hellip;]\" \/>\n<meta property=\"og:url\" content=\"https:\/\/www.aclu-pr.org\/es\/conozca-sus-derechos\/\" \/>\n<meta property=\"og:site_name\" content=\"ACLU of Puerto Rico\" \/>\n<meta property=\"article:modified_time\" content=\"2026-05-12T16:01:57+00:00\" \/>\n<meta property=\"og:image\" content=\"https:\/\/www.aclu-pr.org\/app\/themes\/aclu-parent\/img\/default_fb_share.jpg\" \/>\n<meta name=\"twitter:card\" content=\"summary_large_image\" \/>\n<script type=\"application\/ld+json\" class=\"yoast-schema-graph\">{\"@context\":\"https:\/\/schema.org\",\"@graph\":[{\"@type\":\"WebPage\",\"@id\":\"https:\/\/live-awp-puerto-rico.pantheonsite.io\/es\/conozca-sus-derechos\/\",\"url\":\"https:\/\/live-awp-puerto-rico.pantheonsite.io\/es\/conozca-sus-derechos\/\",\"name\":\"Conoce tus derechos - ACLU of Puerto Rico\",\"isPartOf\":{\"@id\":\"https:\/\/www.aclu-pr.org\/#website\"},\"datePublished\":\"2019-07-11T19:47:59+00:00\",\"dateModified\":\"2026-05-12T16:01:57+00:00\",\"inLanguage\":\"es-ES\",\"potentialAction\":[{\"@type\":\"ReadAction\",\"target\":[\"https:\/\/live-awp-puerto-rico.pantheonsite.io\/es\/conozca-sus-derechos\/\"]}]},{\"@type\":\"WebSite\",\"@id\":\"https:\/\/www.aclu-pr.org\/#website\",\"url\":\"https:\/\/www.aclu-pr.org\/\",\"name\":\"ACLU of Puerto Rico\",\"description\":\"\",\"potentialAction\":[{\"@type\":\"SearchAction\",\"target\":{\"@type\":\"EntryPoint\",\"urlTemplate\":\"https:\/\/www.aclu-pr.org\/?s={search_term_string}\"},\"query-input\":{\"@type\":\"PropertyValueSpecification\",\"valueRequired\":true,\"valueName\":\"search_term_string\"}}],\"inLanguage\":\"es-ES\"}]}<\/script>\n<!-- \/ Yoast SEO plugin. -->","yoast_head_json":{"title":"Conoce tus derechos - ACLU of Puerto Rico","robots":{"index":"index","follow":"follow","max-snippet":"max-snippet:-1","max-image-preview":"max-image-preview:large","max-video-preview":"max-video-preview:-1"},"canonical":"https:\/\/live-awp-puerto-rico.pantheonsite.io\/es\/conozca-sus-derechos\/","og_locale":"es_ES","og_type":"article","og_title":"Conoce tus derechos - ACLU of Puerto Rico","og_description":"Los valores supremos de igualdad y equidad se ven desafiados en nuestras legislaturas y tribunales. El sistema legal que durante mucho tiempo se us\u00f3 como arma de defensa contra la intolerancia ahora se invierte para promover y consagrar la intolerancia. Hemos visto esta tendencia en una serie de temas de libertades civiles, entre ellos: ataques [&hellip;]","og_url":"https:\/\/www.aclu-pr.org\/es\/conozca-sus-derechos\/","og_site_name":"ACLU of Puerto Rico","article_modified_time":"2026-05-12T16:01:57+00:00","og_image":[{"url":"https:\/\/www.aclu-pr.org\/app\/themes\/aclu-parent\/img\/default_fb_share.jpg","type":"","width":"","height":""}],"twitter_card":"summary_large_image","schema":{"@context":"https:\/\/schema.org","@graph":[{"@type":"WebPage","@id":"https:\/\/live-awp-puerto-rico.pantheonsite.io\/es\/conozca-sus-derechos\/","url":"https:\/\/live-awp-puerto-rico.pantheonsite.io\/es\/conozca-sus-derechos\/","name":"Conoce tus derechos - ACLU of Puerto Rico","isPartOf":{"@id":"https:\/\/www.aclu-pr.org\/#website"},"datePublished":"2019-07-11T19:47:59+00:00","dateModified":"2026-05-12T16:01:57+00:00","inLanguage":"es-ES","potentialAction":[{"@type":"ReadAction","target":["https:\/\/live-awp-puerto-rico.pantheonsite.io\/es\/conozca-sus-derechos\/"]}]},{"@type":"WebSite","@id":"https:\/\/www.aclu-pr.org\/#website","url":"https:\/\/www.aclu-pr.org\/","name":"ACLU of Puerto Rico","description":"","potentialAction":[{"@type":"SearchAction","target":{"@type":"EntryPoint","urlTemplate":"https:\/\/www.aclu-pr.org\/?s={search_term_string}"},"query-input":{"@type":"PropertyValueSpecification","valueRequired":true,"valueName":"search_term_string"}}],"inLanguage":"es-ES"}]}},"distributor_meta":false,"distributor_terms":false,"distributor_media":false,"distributor_original_site_name":"ACLU of Puerto Rico","distributor_original_site_url":"https:\/\/www.aclu-pr.org\/es\/","push-errors":false,"_links":{"self":[{"href":"https:\/\/www.aclu-pr.org\/es\/wp-json\/wp\/v2\/pages\/1860","targetHints":{"allow":["GET"]}}],"collection":[{"href":"https:\/\/www.aclu-pr.org\/es\/wp-json\/wp\/v2\/pages"}],"about":[{"href":"https:\/\/www.aclu-pr.org\/es\/wp-json\/wp\/v2\/types\/page"}],"author":[{"embeddable":true,"href":"https:\/\/www.aclu-pr.org\/es\/wp-json\/wp\/v2\/users\/12"}],"replies":[{"embeddable":true,"href":"https:\/\/www.aclu-pr.org\/es\/wp-json\/wp\/v2\/comments?post=1860"}],"version-history":[{"count":2,"href":"https:\/\/www.aclu-pr.org\/es\/wp-json\/wp\/v2\/pages\/1860\/revisions"}],"predecessor-version":[{"id":3887,"href":"https:\/\/www.aclu-pr.org\/es\/wp-json\/wp\/v2\/pages\/1860\/revisions\/3887"}],"wp:attachment":[{"href":"https:\/\/www.aclu-pr.org\/es\/wp-json\/wp\/v2\/media?parent=1860"}],"curies":[{"name":"wp","href":"https:\/\/api.w.org\/{rel}","templated":true}]}}