{"id":1855,"date":"2019-07-11T15:47:59","date_gmt":"2019-07-11T19:47:59","guid":{"rendered":"https:\/\/www.aclu-pr.org\/campanas\/"},"modified":"2026-05-12T11:58:52","modified_gmt":"2026-05-12T15:58:52","slug":"campanas-page","status":"publish","type":"page","link":"https:\/\/www.aclu-pr.org\/es\/campanas-page\/","title":{"rendered":"Campa\u00f1as &#038; Iniciativas"},"content":{"rendered":"","protected":false},"excerpt":{"rendered":"<p>Obt\u00e9n m\u00e1s informaci\u00f3n y apoya el trabajo de la ACLU para defender las libertades y los derechos civiles en todos los rincones del archipi\u00e9lago.<\/p>\n","protected":false},"author":12,"featured_media":0,"parent":0,"menu_order":0,"comment_status":"closed","ping_status":"closed","template":"","meta":{"_acf_changed":false,"_relevanssi_hide_post":"","_relevanssi_hide_content":"","_relevanssi_pin_for_all":"","_relevanssi_pin_keywords":"","_relevanssi_unpin_keywords":"","_relevanssi_related_keywords":"","_relevanssi_related_include_ids":"","_relevanssi_related_exclude_ids":"","_relevanssi_related_no_append":"","_relevanssi_related_not_related":"","_relevanssi_related_posts":"","_relevanssi_noindex_reason":"","footnotes":""},"class_list":["post-1855","page","type-page","status-publish","hentry"],"acf":{"layout":"default","header-group":{"header-description":"Obt\u00e9n m\u00e1s informaci\u00f3n y apoya el trabajo de la ACLU para defender las libertades y los derechos civiles en todos los rincones del archipi\u00e9lago.","show-subnav":false,"hide-from-subnav":false},"components":[{"acf_fc_layout":"buttons","buttons":{"primary":{"text":"View All Campaigns","link":"https:\/\/www.aclu-pr.org\/campaigns-initiatives\/"},"secondary":{"text":"","link":""}}}],"section":null,"issues":"","related_content":"","documents":null},"yoast_head":"<!-- This site is optimized with the Yoast SEO plugin v24.9 - https:\/\/yoast.com\/wordpress\/plugins\/seo\/ -->\n<title>Campa\u00f1as &amp; Iniciativas - ACLU of Puerto Rico<\/title>\n<meta name=\"robots\" content=\"index, follow, max-snippet:-1, max-image-preview:large, max-video-preview:-1\" \/>\n<link rel=\"canonical\" href=\"https:\/\/live-awp-puerto-rico.pantheonsite.io\/es\/campanas-page\/\" \/>\n<meta property=\"og:locale\" content=\"es_ES\" \/>\n<meta property=\"og:type\" content=\"article\" \/>\n<meta property=\"og:title\" content=\"Campa\u00f1as &amp; Iniciativas - ACLU of Puerto Rico\" \/>\n<meta property=\"og:description\" content=\"Obt\u00e9n m\u00e1s informaci\u00f3n y apoya el trabajo de la ACLU para defender las libertades y los derechos civiles en todos los rincones del archipi\u00e9lago.\" \/>\n<meta property=\"og:url\" content=\"https:\/\/www.aclu-pr.org\/es\/campanas-page\/\" \/>\n<meta property=\"og:site_name\" content=\"ACLU of Puerto Rico\" \/>\n<meta property=\"article:modified_time\" content=\"2026-05-12T15:58:52+00:00\" \/>\n<meta property=\"og:image\" content=\"https:\/\/www.aclu-pr.org\/app\/themes\/aclu-parent\/img\/default_fb_share.jpg\" \/>\n<meta name=\"twitter:card\" content=\"summary_large_image\" \/>\n<script type=\"application\/ld+json\" class=\"yoast-schema-graph\">{\"@context\":\"https:\/\/schema.org\",\"@graph\":[{\"@type\":\"WebPage\",\"@id\":\"https:\/\/live-awp-puerto-rico.pantheonsite.io\/es\/campanas-page\/\",\"url\":\"https:\/\/live-awp-puerto-rico.pantheonsite.io\/es\/campanas-page\/\",\"name\":\"Campa\u00f1as & Iniciativas - ACLU of Puerto Rico\",\"isPartOf\":{\"@id\":\"https:\/\/www.aclu-pr.org\/#website\"},\"datePublished\":\"2019-07-11T19:47:59+00:00\",\"dateModified\":\"2026-05-12T15:58:52+00:00\",\"inLanguage\":\"es-ES\",\"potentialAction\":[{\"@type\":\"ReadAction\",\"target\":[\"https:\/\/live-awp-puerto-rico.pantheonsite.io\/es\/campanas-page\/\"]}]},{\"@type\":\"WebSite\",\"@id\":\"https:\/\/www.aclu-pr.org\/#website\",\"url\":\"https:\/\/www.aclu-pr.org\/\",\"name\":\"ACLU of Puerto Rico\",\"description\":\"\",\"potentialAction\":[{\"@type\":\"SearchAction\",\"target\":{\"@type\":\"EntryPoint\",\"urlTemplate\":\"https:\/\/www.aclu-pr.org\/?s={search_term_string}\"},\"query-input\":{\"@type\":\"PropertyValueSpecification\",\"valueRequired\":true,\"valueName\":\"search_term_string\"}}],\"inLanguage\":\"es-ES\"}]}<\/script>\n<!-- \/ Yoast SEO plugin. -->","yoast_head_json":{"title":"Campa\u00f1as & Iniciativas - ACLU of Puerto Rico","robots":{"index":"index","follow":"follow","max-snippet":"max-snippet:-1","max-image-preview":"max-image-preview:large","max-video-preview":"max-video-preview:-1"},"canonical":"https:\/\/live-awp-puerto-rico.pantheonsite.io\/es\/campanas-page\/","og_locale":"es_ES","og_type":"article","og_title":"Campa\u00f1as & Iniciativas - ACLU of Puerto Rico","og_description":"Obt\u00e9n m\u00e1s informaci\u00f3n y apoya el trabajo de la ACLU para defender las libertades y los derechos civiles en todos los rincones del archipi\u00e9lago.","og_url":"https:\/\/www.aclu-pr.org\/es\/campanas-page\/","og_site_name":"ACLU of Puerto Rico","article_modified_time":"2026-05-12T15:58:52+00:00","og_image":[{"url":"https:\/\/www.aclu-pr.org\/app\/themes\/aclu-parent\/img\/default_fb_share.jpg","type":"","width":"","height":""}],"twitter_card":"summary_large_image","schema":{"@context":"https:\/\/schema.org","@graph":[{"@type":"WebPage","@id":"https:\/\/live-awp-puerto-rico.pantheonsite.io\/es\/campanas-page\/","url":"https:\/\/live-awp-puerto-rico.pantheonsite.io\/es\/campanas-page\/","name":"Campa\u00f1as & Iniciativas - ACLU of Puerto Rico","isPartOf":{"@id":"https:\/\/www.aclu-pr.org\/#website"},"datePublished":"2019-07-11T19:47:59+00:00","dateModified":"2026-05-12T15:58:52+00:00","inLanguage":"es-ES","potentialAction":[{"@type":"ReadAction","target":["https:\/\/live-awp-puerto-rico.pantheonsite.io\/es\/campanas-page\/"]}]},{"@type":"WebSite","@id":"https:\/\/www.aclu-pr.org\/#website","url":"https:\/\/www.aclu-pr.org\/","name":"ACLU of Puerto Rico","description":"","potentialAction":[{"@type":"SearchAction","target":{"@type":"EntryPoint","urlTemplate":"https:\/\/www.aclu-pr.org\/?s={search_term_string}"},"query-input":{"@type":"PropertyValueSpecification","valueRequired":true,"valueName":"search_term_string"}}],"inLanguage":"es-ES"}]}},"distributor_meta":false,"distributor_terms":false,"distributor_media":false,"distributor_original_site_name":"ACLU of Puerto Rico","distributor_original_site_url":"https:\/\/www.aclu-pr.org\/es\/","push-errors":false,"_links":{"self":[{"href":"https:\/\/www.aclu-pr.org\/es\/wp-json\/wp\/v2\/pages\/1855","targetHints":{"allow":["GET"]}}],"collection":[{"href":"https:\/\/www.aclu-pr.org\/es\/wp-json\/wp\/v2\/pages"}],"about":[{"href":"https:\/\/www.aclu-pr.org\/es\/wp-json\/wp\/v2\/types\/page"}],"author":[{"embeddable":true,"href":"https:\/\/www.aclu-pr.org\/es\/wp-json\/wp\/v2\/users\/12"}],"replies":[{"embeddable":true,"href":"https:\/\/www.aclu-pr.org\/es\/wp-json\/wp\/v2\/comments?post=1855"}],"version-history":[{"count":3,"href":"https:\/\/www.aclu-pr.org\/es\/wp-json\/wp\/v2\/pages\/1855\/revisions"}],"predecessor-version":[{"id":3884,"href":"https:\/\/www.aclu-pr.org\/es\/wp-json\/wp\/v2\/pages\/1855\/revisions\/3884"}],"wp:attachment":[{"href":"https:\/\/www.aclu-pr.org\/es\/wp-json\/wp\/v2\/media?parent=1855"}],"curies":[{"name":"wp","href":"https:\/\/api.w.org\/{rel}","templated":true}]}}